{"id":3726,"date":"2025-08-13T14:54:05","date_gmt":"2025-08-13T19:54:05","guid":{"rendered":"https:\/\/www.neuromediadigital.com\/?page_id=3726"},"modified":"2025-08-13T15:14:08","modified_gmt":"2025-08-13T20:14:08","slug":"casos-de-exito","status":"publish","type":"page","link":"https:\/\/www.neuromediadigital.com\/eng\/casos-de-exito\/","title":{"rendered":"Case Studies"},"content":{"rendered":"\t\t<div data-elementor-type=\"wp-page\" data-elementor-id=\"3726\" class=\"elementor elementor-3726\" data-elementor-post-type=\"page\">\n\t\t\t\t<div class=\"elementor-element elementor-element-976a12b e-flex e-con-boxed e-con e-parent\" data-id=\"976a12b\" data-element_type=\"container\" data-e-type=\"container\" data-settings=\"{&quot;background_background&quot;:&quot;classic&quot;,&quot;background_motion_fx_motion_fx_scrolling&quot;:&quot;yes&quot;,&quot;background_motion_fx_translateY_effect&quot;:&quot;yes&quot;,&quot;background_motion_fx_translateY_speed&quot;:{&quot;unit&quot;:&quot;px&quot;,&quot;size&quot;:10,&quot;sizes&quot;:[]},&quot;background_motion_fx_translateY_affectedRange&quot;:{&quot;unit&quot;:&quot;%&quot;,&quot;size&quot;:&quot;&quot;,&quot;sizes&quot;:{&quot;start&quot;:8,&quot;end&quot;:92}},&quot;background_motion_fx_scale_effect&quot;:&quot;yes&quot;,&quot;background_motion_fx_scale_speed&quot;:{&quot;unit&quot;:&quot;px&quot;,&quot;size&quot;:10,&quot;sizes&quot;:[]},&quot;background_motion_fx_scale_direction&quot;:&quot;out-in&quot;,&quot;background_motion_fx_scale_range&quot;:{&quot;unit&quot;:&quot;%&quot;,&quot;size&quot;:&quot;&quot;,&quot;sizes&quot;:{&quot;start&quot;:20,&quot;end&quot;:80}},&quot;background_motion_fx_devices&quot;:[&quot;desktop&quot;,&quot;tablet&quot;,&quot;mobile&quot;]}\">\n\t\t\t\t\t<div class=\"e-con-inner\">\n\t\t\t\t<div class=\"elementor-element elementor-element-44f387b animated-fast elementor-invisible elementor-widget elementor-widget-heading\" data-id=\"44f387b\" data-element_type=\"widget\" data-e-type=\"widget\" data-settings=\"{&quot;_animation&quot;:&quot;fadeInUp&quot;,&quot;_animation_delay&quot;:10}\" data-widget_type=\"heading.default\">\n\t\t\t\t<div class=\"elementor-widget-container\">\n\t\t\t\t\t<h2 class=\"elementor-heading-title elementor-size-default\">Casos de \u00c9xitos<\/h2>\t\t\t\t<\/div>\n\t\t\t\t<\/div>\n\t\t\t\t\t<\/div>\n\t\t\t\t<\/div>\n\t\t<div class=\"elementor-element elementor-element-dfb9d5a e-flex e-con-boxed e-con e-parent\" data-id=\"dfb9d5a\" data-element_type=\"container\" data-e-type=\"container\">\n\t\t\t\t\t<div class=\"e-con-inner\">\n\t\t\t\t<div class=\"elementor-element elementor-element-3cc8854 elementor-grid-eael-col-3 elementor-grid-tablet-eael-col-2 elementor-grid-mobile-eael-col-1 elementor-widget elementor-widget-eael-post-grid\" data-id=\"3cc8854\" data-element_type=\"widget\" data-e-type=\"widget\" data-settings=\"{&quot;eael_post_grid_columns&quot;:&quot;eael-col-3&quot;,&quot;eael_post_grid_columns_tablet&quot;:&quot;eael-col-2&quot;,&quot;eael_post_grid_columns_mobile&quot;:&quot;eael-col-1&quot;}\" data-widget_type=\"eael-post-grid.default\">\n\t\t\t\t<div class=\"elementor-widget-container\">\n\t\t\t\t\t<div id=\"eael-post-grid-3cc8854\" class=\"eael-post-grid-container\">\n            <div class=\"eael-post-grid eael-post-appender eael-post-appender-3cc8854 eael-post-grid-style-two\" data-layout-mode=\"grid\"><article class=\"eael-grid-post  eael-post-grid-column eael-pg-post-679\" data-id=\"679\">\n    <div class=\"eael-grid-post-holder\">\n        <div class=\"eael-grid-post-holder-inner\"><div class=\"eael-entry-media\"><div class=\"eael-entry-overlay fade-in\"><i class=\"fas fa-long-arrow-alt-right\" aria-hidden=\"true\"><\/i><a href=\"https:\/\/www.neuromediadigital.com\/eng\/casos_de_exito\/casos_de_exito_centelsa\/\"><\/a><\/div><div class=\"eael-entry-thumbnail eael-image-ratio\">\n                            <img fetchpriority=\"high\" decoding=\"async\" width=\"1024\" height=\"512\" src=\"https:\/\/www.neuromediadigital.com\/wp-content\/uploads\/2025\/08\/POST-HALOGENOS-SINTOX-TWITTER.jpg\" class=\"attachment-large size-large wp-image-3713\" alt=\"\" srcset=\"https:\/\/www.neuromediadigital.com\/wp-content\/uploads\/2025\/08\/POST-HALOGENOS-SINTOX-TWITTER.jpg 1024w, https:\/\/www.neuromediadigital.com\/wp-content\/uploads\/2025\/08\/POST-HALOGENOS-SINTOX-TWITTER-300x150.jpg 300w, https:\/\/www.neuromediadigital.com\/wp-content\/uploads\/2025\/08\/POST-HALOGENOS-SINTOX-TWITTER-768x384.jpg 768w\" sizes=\"(max-width: 1024px) 100vw, 1024px\" \/>\n                            <\/div>\n                    <\/div><div class=\"eael-entry-wrapper\"><header class=\"eael-entry-header\"><h2 class=\"eael-entry-title\"><a class=\"eael-grid-post-link\" href=\"https:\/\/www.neuromediadigital.com\/eng\/casos_de_exito\/casos_de_exito_centelsa\/\" title=\"El Desaf\u00edo \u2013 El \u201cAntes\u201d de un Gigante Invisible\">El Desaf\u00edo \u2013 El \u201cAntes\u201d de un Gigante Invisible<\/a><\/h2><\/header><div class=\"eael-entry-content\">\n                                <div class=\"eael-grid-post-excerpt\"><p>Anterior I Siguiente El Desaf\u00edo &#8211; El &#8220;Antes&#8221; de un Gigante Invisible En el competitivo sector industrial, incluso los l\u00edderes pueden enfrentar un desaf\u00edo monumental: la comoditizaci\u00f3n. Centelsa, un gigante en la fabricaci\u00f3n de cables de energ\u00eda y telecomunicaciones, ten\u00eda una calidad de producto indiscutible,...<\/p><a href=\"https:\/\/www.neuromediadigital.com\/eng\/casos_de_exito\/casos_de_exito_centelsa\/\" class=\"eael-post-elements-readmore-btn\">Leer m\u00e1s<\/a><\/div>\n                            <\/div><\/div><\/div>\n    <\/div>\n<\/article><\/div>\n            <div class=\"clearfix\"><\/div>\n        <\/div>\t\t\t\t<\/div>\n\t\t\t\t<\/div>\n\t\t\t\t\t<\/div>\n\t\t\t\t<\/div>\n\t\t\t\t<\/div>\n\t\t","protected":false},"excerpt":{"rendered":"<p>Casos de \u00c9xitos Centelsa Industria energ\u00e9tica Leer m\u00e1s Centelsa Industria energ\u00e9tica El Desaf\u00edo &#8211; El &#8220;Antes&#8221; de un Gigante Invisible En el competitivo sector industrial, incluso los l\u00edderes pueden enfrentar un desaf\u00edo monumental: la comoditizaci\u00f3n. Centelsa, un gigante en la fabricaci\u00f3n de cables de energ\u00eda y telecomunicaciones, ten\u00eda una calidad de producto indiscutible, pero&#8230; Leer&#8230;<\/p>","protected":false},"author":1,"featured_media":0,"parent":0,"menu_order":0,"comment_status":"closed","ping_status":"closed","template":"","meta":{"_acf_changed":false,"_kad_post_transparent":"","_kad_post_title":"hide","_kad_post_layout":"fullwidth","_kad_post_sidebar_id":"","_kad_post_content_style":"unboxed","_kad_post_vertical_padding":"hide","_kad_post_feature":"hide","_kad_post_feature_position":"","_kad_post_header":false,"_kad_post_footer":false,"_kad_post_classname":"","footnotes":""},"class_list":["post-3726","page","type-page","status-publish","hentry"],"acf":[],"yoast_head":"<!-- This site is optimized with the Yoast SEO plugin v27.5 - https:\/\/yoast.com\/product\/yoast-seo-wordpress\/ -->\n<title>Casos de \u00c9xito - Neuromedia<\/title>\n<meta name=\"robots\" content=\"index, follow, max-snippet:-1, max-image-preview:large, max-video-preview:-1\" \/>\n<link rel=\"canonical\" href=\"https:\/\/www.neuromediadigital.com\/eng\/casos-de-exito\/\" \/>\n<meta property=\"og:locale\" content=\"en_US\" \/>\n<meta property=\"og:type\" content=\"article\" \/>\n<meta property=\"og:title\" content=\"Casos de \u00c9xito - Neuromedia\" \/>\n<meta property=\"og:description\" content=\"Casos de \u00c9xitos Centelsa Industria energ\u00e9tica Leer m\u00e1s Centelsa Industria energ\u00e9tica El Desaf\u00edo &#8211; El &#8220;Antes&#8221; de un Gigante Invisible En el competitivo sector industrial, incluso los l\u00edderes pueden enfrentar un desaf\u00edo monumental: la comoditizaci\u00f3n. Centelsa, un gigante en la fabricaci\u00f3n de cables de energ\u00eda y telecomunicaciones, ten\u00eda una calidad de producto indiscutible, pero&#8230; Leer...\" \/>\n<meta property=\"og:url\" content=\"https:\/\/www.neuromediadigital.com\/eng\/casos-de-exito\/\" \/>\n<meta property=\"og:site_name\" content=\"Neuromedia\" \/>\n<meta property=\"article:publisher\" content=\"https:\/\/www.facebook.com\/neuromediacolombia\/\" \/>\n<meta property=\"article:modified_time\" content=\"2025-08-13T20:14:08+00:00\" \/>\n<meta property=\"og:image\" content=\"https:\/\/www.neuromediadigital.com\/wp-content\/uploads\/2024\/09\/centelsa.png\" \/>\n<meta name=\"twitter:card\" content=\"summary_large_image\" \/>\n<meta name=\"twitter:label1\" content=\"Est. reading time\" \/>\n\t<meta name=\"twitter:data1\" content=\"2 minutes\" \/>\n<script type=\"application\/ld+json\" class=\"yoast-schema-graph\">{\"@context\":\"https:\\\/\\\/schema.org\",\"@graph\":[{\"@type\":\"WebPage\",\"@id\":\"https:\\\/\\\/www.neuromediadigital.com\\\/casos-de-exito\\\/\",\"url\":\"https:\\\/\\\/www.neuromediadigital.com\\\/casos-de-exito\\\/\",\"name\":\"Casos de \u00c9xito - Neuromedia\",\"isPartOf\":{\"@id\":\"https:\\\/\\\/www.neuromediadigital.com\\\/#website\"},\"primaryImageOfPage\":{\"@id\":\"https:\\\/\\\/www.neuromediadigital.com\\\/casos-de-exito\\\/#primaryimage\"},\"image\":{\"@id\":\"https:\\\/\\\/www.neuromediadigital.com\\\/casos-de-exito\\\/#primaryimage\"},\"thumbnailUrl\":\"https:\\\/\\\/www.neuromediadigital.com\\\/wp-content\\\/uploads\\\/2024\\\/09\\\/centelsa.png\",\"datePublished\":\"2025-08-13T19:54:05+00:00\",\"dateModified\":\"2025-08-13T20:14:08+00:00\",\"breadcrumb\":{\"@id\":\"https:\\\/\\\/www.neuromediadigital.com\\\/casos-de-exito\\\/#breadcrumb\"},\"inLanguage\":\"en-US\",\"potentialAction\":[{\"@type\":\"ReadAction\",\"target\":[\"https:\\\/\\\/www.neuromediadigital.com\\\/casos-de-exito\\\/\"]}]},{\"@type\":\"ImageObject\",\"inLanguage\":\"en-US\",\"@id\":\"https:\\\/\\\/www.neuromediadigital.com\\\/casos-de-exito\\\/#primaryimage\",\"url\":\"https:\\\/\\\/www.neuromediadigital.com\\\/wp-content\\\/uploads\\\/2024\\\/09\\\/centelsa.png\",\"contentUrl\":\"https:\\\/\\\/www.neuromediadigital.com\\\/wp-content\\\/uploads\\\/2024\\\/09\\\/centelsa.png\"},{\"@type\":\"BreadcrumbList\",\"@id\":\"https:\\\/\\\/www.neuromediadigital.com\\\/casos-de-exito\\\/#breadcrumb\",\"itemListElement\":[{\"@type\":\"ListItem\",\"position\":1,\"name\":\"Inicio\",\"item\":\"https:\\\/\\\/www.neuromediadigital.com\\\/\"},{\"@type\":\"ListItem\",\"position\":2,\"name\":\"Casos de \u00c9xito\"}]},{\"@type\":\"WebSite\",\"@id\":\"https:\\\/\\\/www.neuromediadigital.com\\\/#website\",\"url\":\"https:\\\/\\\/www.neuromediadigital.com\\\/\",\"name\":\"Neuromedia\",\"description\":\"\",\"publisher\":{\"@id\":\"https:\\\/\\\/www.neuromediadigital.com\\\/#organization\"},\"potentialAction\":[{\"@type\":\"SearchAction\",\"target\":{\"@type\":\"EntryPoint\",\"urlTemplate\":\"https:\\\/\\\/www.neuromediadigital.com\\\/?s={search_term_string}\"},\"query-input\":{\"@type\":\"PropertyValueSpecification\",\"valueRequired\":true,\"valueName\":\"search_term_string\"}}],\"inLanguage\":\"en-US\"},{\"@type\":\"Organization\",\"@id\":\"https:\\\/\\\/www.neuromediadigital.com\\\/#organization\",\"name\":\"Neuromedia\",\"url\":\"https:\\\/\\\/www.neuromediadigital.com\\\/\",\"logo\":{\"@type\":\"ImageObject\",\"inLanguage\":\"en-US\",\"@id\":\"https:\\\/\\\/www.neuromediadigital.com\\\/#\\\/schema\\\/logo\\\/image\\\/\",\"url\":\"https:\\\/\\\/www.neuromediadigital.com\\\/wp-content\\\/uploads\\\/2025\\\/01\\\/NEW-LOGO-NEUROMEDIA-FINAL.png\",\"contentUrl\":\"https:\\\/\\\/www.neuromediadigital.com\\\/wp-content\\\/uploads\\\/2025\\\/01\\\/NEW-LOGO-NEUROMEDIA-FINAL.png\",\"width\":800,\"height\":800,\"caption\":\"Neuromedia\"},\"image\":{\"@id\":\"https:\\\/\\\/www.neuromediadigital.com\\\/#\\\/schema\\\/logo\\\/image\\\/\"},\"sameAs\":[\"https:\\\/\\\/www.facebook.com\\\/neuromediacolombia\\\/\",\"https:\\\/\\\/www.youtube.com\\\/channel\\\/UCOqfnAJLzT9yMgy94pMSneQ\",\"https:\\\/\\\/www.instagram.com\\\/neuromedia_digital\\\/\",\"https:\\\/\\\/www.linkedin.com\\\/company\\\/neuro-media-digital-agency\\\/posts\\\/?feedView=all\"]}]}<\/script>\n<!-- \/ Yoast SEO plugin. -->","yoast_head_json":{"title":"Casos de \u00c9xito - Neuromedia","robots":{"index":"index","follow":"follow","max-snippet":"max-snippet:-1","max-image-preview":"max-image-preview:large","max-video-preview":"max-video-preview:-1"},"canonical":"https:\/\/www.neuromediadigital.com\/eng\/casos-de-exito\/","og_locale":"en_US","og_type":"article","og_title":"Casos de \u00c9xito - Neuromedia","og_description":"Casos de \u00c9xitos Centelsa Industria energ\u00e9tica Leer m\u00e1s Centelsa Industria energ\u00e9tica El Desaf\u00edo &#8211; El &#8220;Antes&#8221; de un Gigante Invisible En el competitivo sector industrial, incluso los l\u00edderes pueden enfrentar un desaf\u00edo monumental: la comoditizaci\u00f3n. Centelsa, un gigante en la fabricaci\u00f3n de cables de energ\u00eda y telecomunicaciones, ten\u00eda una calidad de producto indiscutible, pero&#8230; Leer...","og_url":"https:\/\/www.neuromediadigital.com\/eng\/casos-de-exito\/","og_site_name":"Neuromedia","article_publisher":"https:\/\/www.facebook.com\/neuromediacolombia\/","article_modified_time":"2025-08-13T20:14:08+00:00","og_image":[{"url":"https:\/\/www.neuromediadigital.com\/wp-content\/uploads\/2024\/09\/centelsa.png","type":"","width":"","height":""}],"twitter_card":"summary_large_image","twitter_misc":{"Est. reading time":"2 minutes"},"schema":{"@context":"https:\/\/schema.org","@graph":[{"@type":"WebPage","@id":"https:\/\/www.neuromediadigital.com\/casos-de-exito\/","url":"https:\/\/www.neuromediadigital.com\/casos-de-exito\/","name":"Casos de \u00c9xito - Neuromedia","isPartOf":{"@id":"https:\/\/www.neuromediadigital.com\/#website"},"primaryImageOfPage":{"@id":"https:\/\/www.neuromediadigital.com\/casos-de-exito\/#primaryimage"},"image":{"@id":"https:\/\/www.neuromediadigital.com\/casos-de-exito\/#primaryimage"},"thumbnailUrl":"https:\/\/www.neuromediadigital.com\/wp-content\/uploads\/2024\/09\/centelsa.png","datePublished":"2025-08-13T19:54:05+00:00","dateModified":"2025-08-13T20:14:08+00:00","breadcrumb":{"@id":"https:\/\/www.neuromediadigital.com\/casos-de-exito\/#breadcrumb"},"inLanguage":"en-US","potentialAction":[{"@type":"ReadAction","target":["https:\/\/www.neuromediadigital.com\/casos-de-exito\/"]}]},{"@type":"ImageObject","inLanguage":"en-US","@id":"https:\/\/www.neuromediadigital.com\/casos-de-exito\/#primaryimage","url":"https:\/\/www.neuromediadigital.com\/wp-content\/uploads\/2024\/09\/centelsa.png","contentUrl":"https:\/\/www.neuromediadigital.com\/wp-content\/uploads\/2024\/09\/centelsa.png"},{"@type":"BreadcrumbList","@id":"https:\/\/www.neuromediadigital.com\/casos-de-exito\/#breadcrumb","itemListElement":[{"@type":"ListItem","position":1,"name":"Inicio","item":"https:\/\/www.neuromediadigital.com\/"},{"@type":"ListItem","position":2,"name":"Casos de \u00c9xito"}]},{"@type":"WebSite","@id":"https:\/\/www.neuromediadigital.com\/#website","url":"https:\/\/www.neuromediadigital.com\/","name":"Neuromedia","description":"","publisher":{"@id":"https:\/\/www.neuromediadigital.com\/#organization"},"potentialAction":[{"@type":"SearchAction","target":{"@type":"EntryPoint","urlTemplate":"https:\/\/www.neuromediadigital.com\/?s={search_term_string}"},"query-input":{"@type":"PropertyValueSpecification","valueRequired":true,"valueName":"search_term_string"}}],"inLanguage":"en-US"},{"@type":"Organization","@id":"https:\/\/www.neuromediadigital.com\/#organization","name":"Neuromedia","url":"https:\/\/www.neuromediadigital.com\/","logo":{"@type":"ImageObject","inLanguage":"en-US","@id":"https:\/\/www.neuromediadigital.com\/#\/schema\/logo\/image\/","url":"https:\/\/www.neuromediadigital.com\/wp-content\/uploads\/2025\/01\/NEW-LOGO-NEUROMEDIA-FINAL.png","contentUrl":"https:\/\/www.neuromediadigital.com\/wp-content\/uploads\/2025\/01\/NEW-LOGO-NEUROMEDIA-FINAL.png","width":800,"height":800,"caption":"Neuromedia"},"image":{"@id":"https:\/\/www.neuromediadigital.com\/#\/schema\/logo\/image\/"},"sameAs":["https:\/\/www.facebook.com\/neuromediacolombia\/","https:\/\/www.youtube.com\/channel\/UCOqfnAJLzT9yMgy94pMSneQ","https:\/\/www.instagram.com\/neuromedia_digital\/","https:\/\/www.linkedin.com\/company\/neuro-media-digital-agency\/posts\/?feedView=all"]}]}},"_links":{"self":[{"href":"https:\/\/www.neuromediadigital.com\/eng\/wp-json\/wp\/v2\/pages\/3726","targetHints":{"allow":["GET"]}}],"collection":[{"href":"https:\/\/www.neuromediadigital.com\/eng\/wp-json\/wp\/v2\/pages"}],"about":[{"href":"https:\/\/www.neuromediadigital.com\/eng\/wp-json\/wp\/v2\/types\/page"}],"author":[{"embeddable":true,"href":"https:\/\/www.neuromediadigital.com\/eng\/wp-json\/wp\/v2\/users\/1"}],"replies":[{"embeddable":true,"href":"https:\/\/www.neuromediadigital.com\/eng\/wp-json\/wp\/v2\/comments?post=3726"}],"version-history":[{"count":4,"href":"https:\/\/www.neuromediadigital.com\/eng\/wp-json\/wp\/v2\/pages\/3726\/revisions"}],"predecessor-version":[{"id":3731,"href":"https:\/\/www.neuromediadigital.com\/eng\/wp-json\/wp\/v2\/pages\/3726\/revisions\/3731"}],"wp:attachment":[{"href":"https:\/\/www.neuromediadigital.com\/eng\/wp-json\/wp\/v2\/media?parent=3726"}],"curies":[{"name":"wp","href":"https:\/\/api.w.org\/{rel}","templated":true}]}}